{"id":327,"date":"2025-09-12T12:22:29","date_gmt":"2025-09-12T12:22:29","guid":{"rendered":"https:\/\/www.granadoslaw.com\/?page_id=327"},"modified":"2026-02-05T07:26:11","modified_gmt":"2026-02-05T07:26:11","slug":"abogado-de-delitos-menores-raleigh","status":"publish","type":"page","link":"https:\/\/www.granadoslaw.com\/es\/abogado-de-delitos-menores-raleigh\/","title":{"rendered":"Raleigh Abogado de Delitos Menores"},"content":{"rendered":"<div id=\"ez-toc-container\" class=\"ez-toc-v2_0_82_2 counter-hierarchy ez-toc-counter ez-toc-custom ez-toc-container-direction\">\n<div class=\"ez-toc-title-container\">\n<p class=\"ez-toc-title ez-toc-toggle\" style=\"cursor:pointer\">\u00cdndice<\/p>\n<span class=\"ez-toc-title-toggle\"><a href=\"#\" class=\"ez-toc-pull-right ez-toc-btn ez-toc-btn-xs ez-toc-btn-default ez-toc-toggle\" aria-label=\"Tabla de contenidos\"><span class=\"ez-toc-js-icon-con\"><span class=\"\"><span class=\"eztoc-hide\" style=\"display:none;\">Toggle<\/span><span class=\"ez-toc-icon-toggle-span\"><svg style=\"fill: #c3915a;color:#c3915a\" xmlns=\"http:\/\/www.w3.org\/2000\/svg\" class=\"list-377408\" width=\"20px\" height=\"20px\" viewbox=\"0 0 24 24\" fill=\"none\"><path d=\"M6 6H4v2h2V6zm14 0H8v2h12V6zM4 11h2v2H4v-2zm16 0H8v2h12v-2zM4 16h2v2H4v-2zm16 0H8v2h12v-2z\" fill=\"currentColor\"><\/path><\/svg><svg style=\"fill: #c3915a;color:#c3915a\" class=\"arrow-unsorted-368013\" xmlns=\"http:\/\/www.w3.org\/2000\/svg\" width=\"10px\" height=\"10px\" viewbox=\"0 0 24 24\" version=\"1.2\" baseprofile=\"tiny\"><path d=\"M18.2 9.3l-6.2-6.3-6.2 6.3c-.2.2-.3.4-.3.7s.1.5.3.7c.2.2.4.3.7.3h11c.3 0 .5-.1.7-.3.2-.2.3-.5.3-.7s-.1-.5-.3-.7zM5.8 14.7l6.2 6.3 6.2-6.3c.2-.2.3-.5.3-.7s-.1-.5-.3-.7c-.2-.2-.4-.3-.7-.3h-11c-.3 0-.5.1-.7.3-.2.2-.3.5-.3.7s.1.5.3.7z\"\/><\/svg><\/span><\/span><\/span><\/a><\/span><\/div>\n<nav><ul class='ez-toc-list ez-toc-list-level-1 eztoc-toggle-hide-by-default' ><li class='ez-toc-page-1 ez-toc-heading-level-2'><a class=\"ez-toc-link ez-toc-heading-1\" href=\"https:\/\/www.granadoslaw.com\/es\/abogado-de-delitos-menores-raleigh\/#misdemeanor-attorney-in-raleigh-nc\" >Abogado de Delitos Menores en Raleigh, NC<\/a><\/li><li class='ez-toc-page-1 ez-toc-heading-level-2'><a class=\"ez-toc-link ez-toc-heading-2\" href=\"https:\/\/www.granadoslaw.com\/es\/abogado-de-delitos-menores-raleigh\/#granados-law-group-experienced-in-fighting-for-your-rights\" >Granados Law Group: Experiencia en la lucha por sus derechos<\/a><\/li><li class='ez-toc-page-1 ez-toc-heading-level-2'><a class=\"ez-toc-link ez-toc-heading-3\" href=\"https:\/\/www.granadoslaw.com\/es\/abogado-de-delitos-menores-raleigh\/#understanding-the-classifications-of-misdemeanor-crimes-in-raleigh\" >Comprender las clasificaciones de los delitos menores en Raleigh<\/a><ul class='ez-toc-list-level-3' ><li class='ez-toc-heading-level-3'><a class=\"ez-toc-link ez-toc-heading-4\" href=\"https:\/\/www.granadoslaw.com\/es\/abogado-de-delitos-menores-raleigh\/#class-3-misdemeanors\" >Delitos menores de clase 3<\/a><\/li><\/ul><\/li><li class='ez-toc-page-1 ez-toc-heading-level-2'><a class=\"ez-toc-link ez-toc-heading-5\" href=\"https:\/\/www.granadoslaw.com\/es\/abogado-de-delitos-menores-raleigh\/#granados-law-group\" >Granados Law Group<\/a><ul class='ez-toc-list-level-3' ><li class='ez-toc-heading-level-3'><a class=\"ez-toc-link ez-toc-heading-6\" href=\"https:\/\/www.granadoslaw.com\/es\/abogado-de-delitos-menores-raleigh\/#class-2-misdemeanors\" >Delitos menores de clase 2<\/a><\/li><li class='ez-toc-page-1 ez-toc-heading-level-3'><a class=\"ez-toc-link ez-toc-heading-7\" href=\"https:\/\/www.granadoslaw.com\/es\/abogado-de-delitos-menores-raleigh\/#class-1-misdemeanors\" >Delitos menores de clase 1<\/a><\/li><li class='ez-toc-page-1 ez-toc-heading-level-3'><a class=\"ez-toc-link ez-toc-heading-8\" href=\"https:\/\/www.granadoslaw.com\/es\/abogado-de-delitos-menores-raleigh\/#class-a1-misdemeanors\" >Delitos menores de la clase A1<\/a><\/li><\/ul><\/li><li class='ez-toc-page-1 ez-toc-heading-level-2'><a class=\"ez-toc-link ez-toc-heading-9\" href=\"https:\/\/www.granadoslaw.com\/es\/abogado-de-delitos-menores-raleigh\/#defending-you-against-misdemeanor-charges-in-nc\" >Defendi\u00e9ndole Contra Cargos de Delitos Menores en NC<\/a><\/li><li class='ez-toc-page-1 ez-toc-heading-level-2'><a class=\"ez-toc-link ez-toc-heading-10\" href=\"https:\/\/www.granadoslaw.com\/es\/abogado-de-delitos-menores-raleigh\/#hire-a-misdemeanor-lawyer-from-granados-law-group-today\" >Contrate hoy mismo a un abogado especializado en delitos menores de Granados Law Group<\/a><\/li><\/ul><\/nav><\/div>\n<h2 class=\"wp-block-heading\"><span class=\"ez-toc-section\" id=\"misdemeanor-attorney-in-raleigh-nc\"><\/span>Abogado de Delitos Menores en Raleigh, NC<span class=\"ez-toc-section-end\"><\/span><\/h2>\n\n\n<p>Cuando una persona es acusada de un delito menor en Raleigh, pueden sentir como si todo su mundo se derrumba a su alrededor. Mientras que los delitos menores pueden resultar en penas menores que los implicados en los casos de delitos graves, todav\u00eda pueden ser graves y dar lugar a impactos que alteran la vida. Si usted ha sido acusado de alteraci\u00f3n del orden p\u00fablico en un bar en Glenwood o asalto simple en Ridge Park, es crucial contratar los servicios de un abogado especializado en delitos menores. <strong>Raleigh abogado de delitos menores<\/strong> que puede protegerte.<\/p>\n<h2><span class=\"ez-toc-section\" id=\"granados-law-group-experienced-in-fighting-for-your-rights\"><\/span>Granados Law Group: Experiencia en la lucha por sus derechos<span class=\"ez-toc-section-end\"><\/span><\/h2>\n<p>En Granados Law Group, hemos estado ayudando a los clientes a luchar contra los cargos penales en todo el Condado de Wake y North Carolina durante a\u00f1os y estamos dispuestos a dedicar nuestro tiempo y atenci\u00f3n a su caso. Nuestros abogados litigantes conocedores se dedican a revisar su caso y la construcci\u00f3n de la estrategia de defensa que se adapte a sus necesidades y trabaja hacia el resultado que m\u00e1s desea y merece. Nuestro objetivo es proteger a usted y sus derechos contra el sistema de justicia North Carolina.<\/p>\n\n\n<h2 class=\"wp-block-heading\"><span class=\"ez-toc-section\" id=\"understanding-the-classifications-of-misdemeanor-crimes-in-raleigh\"><\/span><p><span style=\"color: revert; font-size: revert; font-weight: revert;\">Comprender las clasificaciones de los delitos menores en Raleigh<\/span><\/p><span class=\"ez-toc-section-end\"><\/span><\/h2>\n\n\n\n<p>En North Carolina, los delitos menores se clasifican por <a href=\"https:\/\/www.nccourts.gov\/assets\/documents\/publications\/Misdemeanor-list-2017.pdf?GEXAuFJwm9ZYDJ9aMMq5tIogdq6fWB0H\" target=\"_blank\" rel=\"noopener\">cuatro clases diferentes<\/a>, cada uno con su propio nivel de severidad y las penas que lo acompa\u00f1an. En Granados Law Group, tenemos d\u00e9cadas de experiencia luchando por clientes que enfrentan todo tipo de delitos menores. Cuando usted ha sido arrestado y acusado de cualquiera de estos delitos, puede confiar en nosotros para dedicar nuestro tiempo y atenci\u00f3n a la protecci\u00f3n de sus derechos, la b\u00fasqueda de una sentencia menor, o el logro de una desestimaci\u00f3n completa del caso.<\/p>\n\n\n\n<h3 class=\"wp-block-heading\"><span class=\"ez-toc-section\" id=\"class-3-misdemeanors\"><\/span><p><span style=\"color: revert; font-size: revert; font-weight: revert;\">Delitos menores de clase 3<\/span><\/p><span class=\"ez-toc-section-end\"><\/span><\/h3>\n\n\n<p><span style=\"font-size: revert; color: initial;\">De las cuatro clasificaciones, los delitos menores de clase 3 son los menos graves. Si usted se encuentra acusado de un delito menor de clase 3, por lo general se enfrentan a ning\u00fan tiempo en la c\u00e1rcel y peque\u00f1as multas y costas judiciales. Algunos ejemplos pueden incluir:<\/span>Tenga en cuenta que, aunque estos delitos son los menos graves y pueden dar lugar a penas menores, tener antecedentes penales permanentes puede ponerle en peligro. La tasa de desempleo para las personas con antecedentes penales, incluso cuando los delitos son menores, sigue siendo <a href=\"https:\/\/www.uschamber.com\/workforce\/data-deep-dive-the-workforce-impact-of-second-chance-hiring-3#:~:text=The%20high%20rate%20of%20incarceration,tends%20to%20hover%20around%2030%25\">30% en todo Estados Unidos<\/a>. Un delito menor de clase 3 puede acarrear otras consecuencias, como tener que explicar tus acciones ante un tribunal de admisi\u00f3n o disciplinario de una universidad, e incluso la p\u00e9rdida del permiso de conducir.<\/p>\n    <!-- Your CTA block HTML here -->\n<div class=\"cmn-box\" style=\" background: #245650;\">\n        <h4>P\u00f3ngase en contacto con<\/h4>\n        <h2><span class=\"ez-toc-section\" id=\"granados-law-group\"><\/span>Granados Law Group<span class=\"ez-toc-section-end\"><\/span><\/h2>\n        \n        <div class=\"cmn-box-cnslt-btn\">\n            <div class=\"cnslt-btn\">\n                <a href=\"https:\/\/www.granadoslaw.com\/es\/pongase-en-contacto-con\/\" class=\"cmn-btn\">\n                    Programar una consulta                <\/a>\n            <\/div>\n            \n            <div class=\"cnslt-call\">\n                    <p>Ll\u00e1menos hoy mismo <a href=\"tel:9196502851\">\n                        (919) 650-2851                    <\/a><\/p>\n            <\/div>\n        <\/div>\n    <\/div>\n\n    \n\n\n<h3 class=\"wp-block-heading\"><span class=\"ez-toc-section\" id=\"class-2-misdemeanors\"><\/span><span style=\"color: revert; font-size: revert; font-weight: revert;\">Delitos menores de clase 2<\/span><span class=\"ez-toc-section-end\"><\/span><\/h3>\n\n\n\n<p>Ser arrestado y acusado de un delito menor de clase 2 puede suponerle hasta 60 d\u00edas de c\u00e1rcel, libertad condicional y multas. Tambi\u00e9n puede ser obligado a participar en el servicio comunitario o alg\u00fan tipo de clases de asesoramiento, dependiendo de la naturaleza del delito en s\u00ed. Los ejemplos m\u00e1s comunes de delitos menores en Raleigh incluyen:<\/p>\n\n\n\n<p>Si usted es arrestado por un delito menor de clase 2, usted necesita conseguir un abogado tan pronto como sea posible. Mientras que las penas por estos cargos no parecen graves en comparaci\u00f3n con los cargos por delitos menores o mayores, todav\u00eda tienen el potencial de alterar completamente su futuro, y puede que le resulte m\u00e1s dif\u00edcil conseguir empleo, vivienda, y ciertas formas de educaci\u00f3n.&nbsp;<\/p>\n\n\n\n<h3 class=\"wp-block-heading\"><span class=\"ez-toc-section\" id=\"class-1-misdemeanors\"><\/span><span style=\"font-size: revert; color: initial;\">Delitos menores de clase 1<\/span><span class=\"ez-toc-section-end\"><\/span><\/h3>\n\n\n\n<p>Cuando es condenado por un delito menor de Clase 1, puede enfrentar hasta 120 d\u00edas de c\u00e1rcel, libertad condicional sin supervisi\u00f3n o supervisada y multas m\u00e1s pesadas que podr\u00edan causarle problemas con su empleo y estr\u00e9s financiero. Delitos menores comunes de Clase 1 incluyen:<\/p>\n\n\n\n<p>Las penas por delitos menores de Clase 1 pueden a\u00f1adirse al estr\u00e9s que ya siente por haber sido arrestado. Por esta raz\u00f3n, e innumerables otras, tomar la decisi\u00f3n de contratar a un abogado de delitos menores es una de las m\u00e1s sabias que puede hacer.<\/p>\n\n\n\n<h3 class=\"wp-block-heading\"><span class=\"ez-toc-section\" id=\"class-a1-misdemeanors\"><\/span>Delitos menores de la clase A1<span class=\"ez-toc-section-end\"><\/span><\/h3>\n\n\n\n<p>Los delitos menores m\u00e1s graves en Raleigh son los clasificados como delitos menores de clase A1. Estos pueden llevarte a la c\u00e1rcel por hasta 150 d\u00edas y resultar en grandes multas. Estos delitos pueden incluir:<\/p>\n\n\n\n<p>Buscar la ayuda de un abogado cuando se trata de un delito menor de clase A1 no es s\u00f3lo una buena idea; es lo que puede mantenerlo fuera de la c\u00e1rcel y puede ayudar a evitar enfrentar las consecuencias que vienen con un antecedente penal permanente.<\/p>\n\n\n\n<p>Si usted ha sido acusado de un delito menor en Raleigh, North Carolina, necesita llamar a las oficinas de Granados Law Group ahora. Hay demasiado en juego como para perder un segundo m\u00e1s. Si usted ha sido arrestado o un ser querido ha sido acusado de uno de estos delitos menores graves, estamos aqu\u00ed para revisar el caso, descubrir pruebas para utilizar en su defensa, negociar con la fiscal\u00eda, y argumentar su caso ante un juez y un jurado en la apelaci\u00f3n si surge la necesidad.&nbsp;<\/p>\n\n\n\n<h2 class=\"wp-block-heading\"><span class=\"ez-toc-section\" id=\"defending-you-against-misdemeanor-charges-in-nc\"><\/span>Defendi\u00e9ndole Contra Cargos de Delitos Menores en NC<span class=\"ez-toc-section-end\"><\/span><\/h2>\n\n\n\n<p>En los casos de agresi\u00f3n, casi <a href=\"https:\/\/journals.sagepub.com\/doi\/10.1177\/1077801210387747\" target=\"_blank\">2% a 10% de alegaciones<\/a> resultan ser falsas. Usted necesita un abogado que pueda analizar los hechos de su caso y luchar arduamente para proteger sus derechos, sin importar de qu\u00e9 delito se le acuse. Cuando usted trabaja con Granados Law Group en un caso de delito menor, podemos determinar qu\u00e9 estrategia de defensa se ajusta a las necesidades de su caso. Estas estrategias pueden incluir:<\/p>\n\n\n\n<h2 class=\"wp-block-heading\"><span class=\"ez-toc-section\" id=\"hire-a-misdemeanor-lawyer-from-granados-law-group-today\"><\/span>Contrate hoy mismo a un abogado especializado en delitos menores de Granados Law Group<span class=\"ez-toc-section-end\"><\/span><\/h2>\n\n\n\n<p><span style=\"font-size: revert; color: initial;\">Si usted se encuentra acusado de un delito menor en Raleigh o en cualquier lugar en el Condado de Wake, el equipo de Granados Law Group est\u00e1 aqu\u00ed para usted. Entendemos el impacto negativo que un cargo por delito menor puede tener en su vida y queremos hacer todo lo posible para protegerlo de ese futuro. En su lugar, perm\u00edtanos luchar por el futuro brillante que usted se merece. <\/span><a style=\"font-size: revert;\" href=\"https:\/\/www.granadoslaw.com\/es\/pongase-en-contacto-con\/\">P\u00f3ngase en contacto con nuestras oficinas <\/a><span style=\"font-size: revert; color: initial;\">para obtener m\u00e1s informaci\u00f3n sobre c\u00f3mo Granados Law Group puede ser de utilidad para usted y sus seres queridos.<\/span><\/p>","protected":false},"excerpt":{"rendered":"<p>Misdemeanor Attorney in Raleigh, NC When an individual is charged with a misdemeanor in Raleigh, they might feel as though their entire world is crashing down around them. While misdemeanors might result in lesser penalties than those involved in felony cases, they can still be severe and lead to life-altering impacts. If you\u2019ve been charged [&hellip;]<\/p>\n","protected":false},"author":1,"featured_media":1329,"parent":0,"menu_order":0,"comment_status":"closed","ping_status":"closed","template":"","meta":{"_acf_changed":false,"footnotes":""},"categories":[],"tags":[],"class_list":["post-327","page","type-page","status-publish","has-post-thumbnail","hentry"],"acf":[],"yoast_head":"<!-- This site is optimized with the Yoast SEO plugin v27.4 - https:\/\/yoast.com\/product\/yoast-seo-wordpress\/ -->\n<title>Raleigh Misdemeanor Lawyer &amp; Law Firm<\/title>\n<meta name=\"description\" content=\"Facing misdemeanor charges? A Raleigh Misdemeanor Lawyer at Granados Law Group works to limit penalties. Call us today.\" \/>\n<meta name=\"robots\" content=\"index, follow, max-snippet:-1, max-image-preview:large, max-video-preview:-1\" \/>\n<link rel=\"canonical\" href=\"https:\/\/www.granadoslaw.com\/es\/abogado-de-delitos-menores-raleigh\/\" \/>\n<meta property=\"og:locale\" content=\"es_MX\" \/>\n<meta property=\"og:type\" content=\"article\" \/>\n<meta property=\"og:title\" content=\"Raleigh Misdemeanor Lawyer &amp; Law Firm\" \/>\n<meta property=\"og:description\" content=\"Facing misdemeanor charges? A Raleigh Misdemeanor Lawyer at Granados Law Group works to limit penalties. Call us today.\" \/>\n<meta property=\"og:url\" content=\"https:\/\/www.granadoslaw.com\/es\/abogado-de-delitos-menores-raleigh\/\" \/>\n<meta property=\"og:site_name\" content=\"Granados Law Group\" \/>\n<meta property=\"article:publisher\" content=\"https:\/\/www.facebook.com\/GranadosLaw\/\" \/>\n<meta property=\"article:modified_time\" content=\"2026-02-05T07:26:11+00:00\" \/>\n<meta property=\"og:image\" content=\"https:\/\/www.granadoslaw.com\/wp-content\/uploads\/2026\/01\/hire-a-raleigh-misdemeanor-lawyer.webp\" \/>\n\t<meta property=\"og:image:width\" content=\"1200\" \/>\n\t<meta property=\"og:image:height\" content=\"600\" \/>\n\t<meta property=\"og:image:type\" content=\"image\/webp\" \/>\n<meta name=\"twitter:card\" content=\"summary_large_image\" \/>\n<meta name=\"twitter:label1\" content=\"Tiempo de lectura\" \/>\n\t<meta name=\"twitter:data1\" content=\"5 minutos\" \/>\n<script type=\"application\/ld+json\" class=\"yoast-schema-graph\">{\"@context\":\"https:\\\/\\\/schema.org\",\"@graph\":[{\"@type\":\"WebPage\",\"@id\":\"https:\\\/\\\/www.granadoslaw.com\\\/raleigh-misdemeanor-lawyer\\\/\",\"url\":\"https:\\\/\\\/www.granadoslaw.com\\\/raleigh-misdemeanor-lawyer\\\/\",\"name\":\"Raleigh Misdemeanor Lawyer & Law Firm\",\"isPartOf\":{\"@id\":\"https:\\\/\\\/www.granadoslaw.com\\\/#website\"},\"primaryImageOfPage\":{\"@id\":\"https:\\\/\\\/www.granadoslaw.com\\\/raleigh-misdemeanor-lawyer\\\/#primaryimage\"},\"image\":{\"@id\":\"https:\\\/\\\/www.granadoslaw.com\\\/raleigh-misdemeanor-lawyer\\\/#primaryimage\"},\"thumbnailUrl\":\"https:\\\/\\\/www.granadoslaw.com\\\/wp-content\\\/uploads\\\/2026\\\/01\\\/hire-a-raleigh-misdemeanor-lawyer.webp\",\"datePublished\":\"2025-09-12T12:22:29+00:00\",\"dateModified\":\"2026-02-05T07:26:11+00:00\",\"description\":\"Facing misdemeanor charges? A Raleigh Misdemeanor Lawyer at Granados Law Group works to limit penalties. Call us today.\",\"breadcrumb\":{\"@id\":\"https:\\\/\\\/www.granadoslaw.com\\\/raleigh-misdemeanor-lawyer\\\/#breadcrumb\"},\"inLanguage\":\"es\",\"potentialAction\":[{\"@type\":\"ReadAction\",\"target\":[\"https:\\\/\\\/www.granadoslaw.com\\\/raleigh-misdemeanor-lawyer\\\/\"]}]},{\"@type\":\"ImageObject\",\"inLanguage\":\"es\",\"@id\":\"https:\\\/\\\/www.granadoslaw.com\\\/raleigh-misdemeanor-lawyer\\\/#primaryimage\",\"url\":\"https:\\\/\\\/www.granadoslaw.com\\\/wp-content\\\/uploads\\\/2026\\\/01\\\/hire-a-raleigh-misdemeanor-lawyer.webp\",\"contentUrl\":\"https:\\\/\\\/www.granadoslaw.com\\\/wp-content\\\/uploads\\\/2026\\\/01\\\/hire-a-raleigh-misdemeanor-lawyer.webp\",\"width\":1200,\"height\":600,\"caption\":\"Hire a Raleigh Misdemeanor Lawyer for strong legal help\"},{\"@type\":\"BreadcrumbList\",\"@id\":\"https:\\\/\\\/www.granadoslaw.com\\\/raleigh-misdemeanor-lawyer\\\/#breadcrumb\",\"itemListElement\":[{\"@type\":\"ListItem\",\"position\":1,\"name\":\"Home\",\"item\":\"https:\\\/\\\/www.granadoslaw.com\\\/\"},{\"@type\":\"ListItem\",\"position\":2,\"name\":\"Raleigh Misdemeanor Lawyer\"}]},{\"@type\":\"WebSite\",\"@id\":\"https:\\\/\\\/www.granadoslaw.com\\\/#website\",\"url\":\"https:\\\/\\\/www.granadoslaw.com\\\/\",\"name\":\"Granados Law Group\",\"description\":\"\",\"publisher\":{\"@id\":\"https:\\\/\\\/www.granadoslaw.com\\\/#organization\"},\"potentialAction\":[{\"@type\":\"SearchAction\",\"target\":{\"@type\":\"EntryPoint\",\"urlTemplate\":\"https:\\\/\\\/www.granadoslaw.com\\\/?s={search_term_string}\"},\"query-input\":{\"@type\":\"PropertyValueSpecification\",\"valueRequired\":true,\"valueName\":\"search_term_string\"}}],\"inLanguage\":\"es\"},{\"@type\":\"Organization\",\"@id\":\"https:\\\/\\\/www.granadoslaw.com\\\/#organization\",\"name\":\"Granados Law Group\",\"alternateName\":\"Granados Law Group\",\"url\":\"https:\\\/\\\/www.granadoslaw.com\\\/\",\"logo\":{\"@type\":\"ImageObject\",\"inLanguage\":\"es\",\"@id\":\"https:\\\/\\\/www.granadoslaw.com\\\/#\\\/schema\\\/logo\\\/image\\\/\",\"url\":\"https:\\\/\\\/www.granadoslaw.com\\\/wp-content\\\/uploads\\\/2025\\\/10\\\/logo.png\",\"contentUrl\":\"https:\\\/\\\/www.granadoslaw.com\\\/wp-content\\\/uploads\\\/2025\\\/10\\\/logo.png\",\"width\":355,\"height\":75,\"caption\":\"Granados Law Group\"},\"image\":{\"@id\":\"https:\\\/\\\/www.granadoslaw.com\\\/#\\\/schema\\\/logo\\\/image\\\/\"},\"sameAs\":[\"https:\\\/\\\/www.facebook.com\\\/GranadosLaw\\\/\",\"https:\\\/\\\/www.yelp.com\\\/biz\\\/granados-law-group-cary\",\"https:\\\/\\\/web.carychamber.com\\\/Attorney\\\/Granados-Law-Group-5612\",\"https:\\\/\\\/www.mapquest.com\\\/us\\\/north-carolina\\\/granados-law-group-423010032\",\"https:\\\/\\\/www.martindale.com\\\/organization\\\/granados-law-group-pllc-157331811\\\/cary-north-carolina-158401019-f\\\/\",\"https:\\\/\\\/www.lawyers.com\\\/cary\\\/north-carolina\\\/granados-law-group-pllc-158401019-f\\\/\"]}]}<\/script>\n<!-- \/ Yoast SEO plugin. -->","yoast_head_json":{"title":"Raleigh Abogado de Delitos Menores y Bufete de Abogados","description":"\u00bfSe enfrenta a cargos por delitos menores? Un abogado de delitos menores Raleigh en Granados Law Group trabaja para limitar las penas. Ll\u00e1menos hoy.","robots":{"index":"index","follow":"follow","max-snippet":"max-snippet:-1","max-image-preview":"max-image-preview:large","max-video-preview":"max-video-preview:-1"},"canonical":"https:\/\/www.granadoslaw.com\/es\/abogado-de-delitos-menores-raleigh\/","og_locale":"es_MX","og_type":"article","og_title":"Raleigh Misdemeanor Lawyer & Law Firm","og_description":"Facing misdemeanor charges? A Raleigh Misdemeanor Lawyer at Granados Law Group works to limit penalties. Call us today.","og_url":"https:\/\/www.granadoslaw.com\/es\/abogado-de-delitos-menores-raleigh\/","og_site_name":"Granados Law Group","article_publisher":"https:\/\/www.facebook.com\/GranadosLaw\/","article_modified_time":"2026-02-05T07:26:11+00:00","og_image":[{"width":1200,"height":600,"url":"https:\/\/www.granadoslaw.com\/wp-content\/uploads\/2026\/01\/hire-a-raleigh-misdemeanor-lawyer.webp","type":"image\/webp"}],"twitter_card":"summary_large_image","twitter_misc":{"Tiempo de lectura":"5 minutos"},"schema":{"@context":"https:\/\/schema.org","@graph":[{"@type":"WebPage","@id":"https:\/\/www.granadoslaw.com\/raleigh-misdemeanor-lawyer\/","url":"https:\/\/www.granadoslaw.com\/raleigh-misdemeanor-lawyer\/","name":"Raleigh Abogado de Delitos Menores y Bufete de Abogados","isPartOf":{"@id":"https:\/\/www.granadoslaw.com\/#website"},"primaryImageOfPage":{"@id":"https:\/\/www.granadoslaw.com\/raleigh-misdemeanor-lawyer\/#primaryimage"},"image":{"@id":"https:\/\/www.granadoslaw.com\/raleigh-misdemeanor-lawyer\/#primaryimage"},"thumbnailUrl":"https:\/\/www.granadoslaw.com\/wp-content\/uploads\/2026\/01\/hire-a-raleigh-misdemeanor-lawyer.webp","datePublished":"2025-09-12T12:22:29+00:00","dateModified":"2026-02-05T07:26:11+00:00","description":"\u00bfSe enfrenta a cargos por delitos menores? Un abogado de delitos menores Raleigh en Granados Law Group trabaja para limitar las penas. Ll\u00e1menos hoy.","breadcrumb":{"@id":"https:\/\/www.granadoslaw.com\/raleigh-misdemeanor-lawyer\/#breadcrumb"},"inLanguage":"es","potentialAction":[{"@type":"ReadAction","target":["https:\/\/www.granadoslaw.com\/raleigh-misdemeanor-lawyer\/"]}]},{"@type":"ImageObject","inLanguage":"es","@id":"https:\/\/www.granadoslaw.com\/raleigh-misdemeanor-lawyer\/#primaryimage","url":"https:\/\/www.granadoslaw.com\/wp-content\/uploads\/2026\/01\/hire-a-raleigh-misdemeanor-lawyer.webp","contentUrl":"https:\/\/www.granadoslaw.com\/wp-content\/uploads\/2026\/01\/hire-a-raleigh-misdemeanor-lawyer.webp","width":1200,"height":600,"caption":"Hire a Raleigh Misdemeanor Lawyer for strong legal help"},{"@type":"BreadcrumbList","@id":"https:\/\/www.granadoslaw.com\/raleigh-misdemeanor-lawyer\/#breadcrumb","itemListElement":[{"@type":"ListItem","position":1,"name":"Home","item":"https:\/\/www.granadoslaw.com\/"},{"@type":"ListItem","position":2,"name":"Raleigh Misdemeanor Lawyer"}]},{"@type":"WebSite","@id":"https:\/\/www.granadoslaw.com\/#website","url":"https:\/\/www.granadoslaw.com\/","name":"Granados Law Group","description":"","publisher":{"@id":"https:\/\/www.granadoslaw.com\/#organization"},"potentialAction":[{"@type":"SearchAction","target":{"@type":"EntryPoint","urlTemplate":"https:\/\/www.granadoslaw.com\/?s={search_term_string}"},"query-input":{"@type":"PropertyValueSpecification","valueRequired":true,"valueName":"search_term_string"}}],"inLanguage":"es"},{"@type":"Organization","@id":"https:\/\/www.granadoslaw.com\/#organization","name":"Granados Law Group","alternateName":"Granados Law Group","url":"https:\/\/www.granadoslaw.com\/","logo":{"@type":"ImageObject","inLanguage":"es","@id":"https:\/\/www.granadoslaw.com\/#\/schema\/logo\/image\/","url":"https:\/\/www.granadoslaw.com\/wp-content\/uploads\/2025\/10\/logo.png","contentUrl":"https:\/\/www.granadoslaw.com\/wp-content\/uploads\/2025\/10\/logo.png","width":355,"height":75,"caption":"Granados Law Group"},"image":{"@id":"https:\/\/www.granadoslaw.com\/#\/schema\/logo\/image\/"},"sameAs":["https:\/\/www.facebook.com\/GranadosLaw\/","https:\/\/www.yelp.com\/biz\/granados-law-group-cary","https:\/\/web.carychamber.com\/Attorney\/Granados-Law-Group-5612","https:\/\/www.mapquest.com\/us\/north-carolina\/granados-law-group-423010032","https:\/\/www.martindale.com\/organization\/granados-law-group-pllc-157331811\/cary-north-carolina-158401019-f\/","https:\/\/www.lawyers.com\/cary\/north-carolina\/granados-law-group-pllc-158401019-f\/"]}]}},"_links":{"self":[{"href":"https:\/\/www.granadoslaw.com\/es\/wp-json\/wp\/v2\/pages\/327","targetHints":{"allow":["GET"]}}],"collection":[{"href":"https:\/\/www.granadoslaw.com\/es\/wp-json\/wp\/v2\/pages"}],"about":[{"href":"https:\/\/www.granadoslaw.com\/es\/wp-json\/wp\/v2\/types\/page"}],"author":[{"embeddable":true,"href":"https:\/\/www.granadoslaw.com\/es\/wp-json\/wp\/v2\/users\/1"}],"replies":[{"embeddable":true,"href":"https:\/\/www.granadoslaw.com\/es\/wp-json\/wp\/v2\/comments?post=327"}],"version-history":[{"count":14,"href":"https:\/\/www.granadoslaw.com\/es\/wp-json\/wp\/v2\/pages\/327\/revisions"}],"predecessor-version":[{"id":1367,"href":"https:\/\/www.granadoslaw.com\/es\/wp-json\/wp\/v2\/pages\/327\/revisions\/1367"}],"wp:featuredmedia":[{"embeddable":true,"href":"https:\/\/www.granadoslaw.com\/es\/wp-json\/wp\/v2\/media\/1329"}],"wp:attachment":[{"href":"https:\/\/www.granadoslaw.com\/es\/wp-json\/wp\/v2\/media?parent=327"}],"wp:term":[{"taxonomy":"category","embeddable":true,"href":"https:\/\/www.granadoslaw.com\/es\/wp-json\/wp\/v2\/categories?post=327"},{"taxonomy":"post_tag","embeddable":true,"href":"https:\/\/www.granadoslaw.com\/es\/wp-json\/wp\/v2\/tags?post=327"}],"curies":[{"name":"wp","href":"https:\/\/api.w.org\/{rel}","templated":true}]}}