{"id":1022,"date":"2025-10-10T15:01:05","date_gmt":"2025-10-10T15:01:05","guid":{"rendered":"https:\/\/www.granadoslaw.com\/?page_id=1022"},"modified":"2026-01-15T06:41:31","modified_gmt":"2026-01-15T06:41:31","slug":"cary-abogado-de-delitos-menores","status":"publish","type":"page","link":"https:\/\/www.granadoslaw.com\/es\/cary-abogado-de-delitos-menores\/","title":{"rendered":"Cary Abogado de Delitos Menores"},"content":{"rendered":"<div id=\"ez-toc-container\" class=\"ez-toc-v2_0_82_2 counter-hierarchy ez-toc-counter ez-toc-custom ez-toc-container-direction\">\n<div class=\"ez-toc-title-container\">\n<p class=\"ez-toc-title ez-toc-toggle\" style=\"cursor:pointer\">\u00cdndice<\/p>\n<span class=\"ez-toc-title-toggle\"><a href=\"#\" class=\"ez-toc-pull-right ez-toc-btn ez-toc-btn-xs ez-toc-btn-default ez-toc-toggle\" aria-label=\"Tabla de contenidos\"><span class=\"ez-toc-js-icon-con\"><span class=\"\"><span class=\"eztoc-hide\" style=\"display:none;\">Toggle<\/span><span class=\"ez-toc-icon-toggle-span\"><svg style=\"fill: #c3915a;color:#c3915a\" xmlns=\"http:\/\/www.w3.org\/2000\/svg\" class=\"list-377408\" width=\"20px\" height=\"20px\" viewbox=\"0 0 24 24\" fill=\"none\"><path d=\"M6 6H4v2h2V6zm14 0H8v2h12V6zM4 11h2v2H4v-2zm16 0H8v2h12v-2zM4 16h2v2H4v-2zm16 0H8v2h12v-2z\" fill=\"currentColor\"><\/path><\/svg><svg style=\"fill: #c3915a;color:#c3915a\" class=\"arrow-unsorted-368013\" xmlns=\"http:\/\/www.w3.org\/2000\/svg\" width=\"10px\" height=\"10px\" viewbox=\"0 0 24 24\" version=\"1.2\" baseprofile=\"tiny\"><path d=\"M18.2 9.3l-6.2-6.3-6.2 6.3c-.2.2-.3.4-.3.7s.1.5.3.7c.2.2.4.3.7.3h11c.3 0 .5-.1.7-.3.2-.2.3-.5.3-.7s-.1-.5-.3-.7zM5.8 14.7l6.2 6.3 6.2-6.3c.2-.2.3-.5.3-.7s-.1-.5-.3-.7c-.2-.2-.4-.3-.7-.3h-11c-.3 0-.5.1-.7.3-.2.2-.3.5-.3.7s.1.5.3.7z\"\/><\/svg><\/span><\/span><\/span><\/a><\/span><\/div>\n<nav><ul class='ez-toc-list ez-toc-list-level-1 eztoc-toggle-hide-by-default' ><ul class='ez-toc-list-level-3' ><li class='ez-toc-heading-level-3'><a class=\"ez-toc-link ez-toc-heading-1\" href=\"https:\/\/www.granadoslaw.com\/es\/cary-abogado-de-delitos-menores\/#misdemeanor-attorney-in-cary-nc\" >Abogado de Delitos Menores en Cary, NC<\/a><\/li><\/ul><\/li> <li><li class='ez-toc-page-1 ez-toc-heading-level-2'><a class=\"ez-toc-link ez-toc-heading-2\" href=\"https:\/\/www.granadoslaw.com\/es\/cary-abogado-de-delitos-menores\/#granados-law-group\" >Granados Law Group<\/a><\/li><\/ul><\/nav><\/div>\n<h3 class=\"wp-block-heading\"><span class=\"ez-toc-section\" id=\"misdemeanor-attorney-in-cary-nc\"><\/span>Abogado de Delitos Menores en Cary, NC<span class=\"ez-toc-section-end\"><\/span><\/h3>\n\n\n\n<p>En el North Carolina, los delitos se dividen en delitos graves y delitos leves, dependiendo de la gravedad del delito. Los delitos menores son delitos que conllevan una pena m\u00e1xima de 180 d\u00edas o menos en la c\u00e1rcel del condado. Los delitos menores se dividen en 4 clasificaciones: A1, 1, 2, y 3, siendo la Clase 3 el nivel m\u00e1s bajo de delito menor en North Carolina:<\/p>\n\n\n\n<p>Los delitos de clase 3 incluyen posesi\u00f3n de peque\u00f1as cantidades de marihuana o parafernalia de marihuana, hurto en tiendas, multas por beber, allanamiento de morada o Conducir con el Permiso Revocado. <\/p>\n\n\n\n<p>Los delitos de clase 2 incluyen agresi\u00f3n simple, portar un arma oculta, conducir despu\u00e9s de haber consumido alcohol siendo menor de 21 a\u00f1os, lesiones a bienes personales o conducci\u00f3n descuidada e imprudente. <\/p>\n\n\n\n<p>Las ofensas de Clase 1 son un poco mas serias, y cargos comunes incluyen Delito Menor de Hurto, Lesion a Propiedad Real, Conducir Agresivamente, Delito Menor de Allanamiento de Morada, No Detenerse ante un Autobus Escolar o No Ceder el Paso a la Policia, o Conducir con Licencia Revocada debido a una Ofensa de Conducir Bajo los Efectos del Alcohol. <\/p>\n\n\n\n<p>Los delitos de clase A1 son los delitos menores m\u00e1s graves, y algunos de los delitos imputados con m\u00e1s frecuencia incluyen Agresi\u00f3n a una mujer, Agresi\u00f3n con arma mortal, Agresi\u00f3n con lesiones graves, Delito menor de maltrato infantil, Acoso, Interferencia con las comunicaciones de emergencia y Agresi\u00f3n sexual (que es el \u00fanico delito menor que requiere el registro como delincuente sexual).<\/p>\n\n\n    <!-- Your CTA block HTML here -->\n<div class=\"cmn-box\" style=\" background: #245650;\">\n        <h4>P\u00f3ngase en contacto con<\/h4>\n        <h2><span class=\"ez-toc-section\" id=\"granados-law-group\"><\/span>Granados Law Group<span class=\"ez-toc-section-end\"><\/span><\/h2>\n        \n        <div class=\"cmn-box-cnslt-btn\">\n            <div class=\"cnslt-btn\">\n                <a href=\"https:\/\/www.granadoslaw.com\/es\/pongase-en-contacto-con\/\" class=\"cmn-btn\">\n                    Programar una consulta                <\/a>\n            <\/div>\n            \n            <div class=\"cnslt-call\">\n                    <p>Ll\u00e1menos hoy mismo <a href=\"tel:9196502851\">\n                        (919) 650-2851                    <\/a><\/p>\n            <\/div>\n        <\/div>\n    <\/div>\n\n    \n\n\n\n<p>Aunque los delitos menores se consideran menos graves que los delitos graves, todav\u00eda pueden tener consecuencias duraderas y pueden afectar dr\u00e1sticamente su vida, su capacidad para alcanzar sus metas educativas o profesionales, y su capacidad para poseer un arma de fuego, entre otras cosas. La buena noticia es que hay opciones disponibles para ayudar a las personas que no tienen nada o delitos m\u00ednimos en su expediente como el Programa de Primer Delincuente de Delitos Menores o el programa de desviaci\u00f3n de drogas 90-96.<\/p>\n\n\n\n<p>Las infracciones de tr\u00e1fico pueden incluso tener duras consecuencias, como la p\u00e9rdida de la licencia, si no se manejan adecuadamente. Un abogado puede discutir con usted la posible gama de resultados, y proporcionarle opciones. Una vez que usted entienda sus opciones, usted puede tomar una decisi\u00f3n informada, si usted debe fijar el caso para el juicio, o si usted quiere considerar entrar en un acuerdo de enjuiciamiento diferido o programa de descarga condicional para mantener su registro limpio, o elaborar un acuerdo de culpabilidad que refleja una reducci\u00f3n de los cargos y el despido de los dem\u00e1s. Nuestra firma maneja todos los delitos menores en los tribunales de los condados de Wake, Chatham, Orange, Durham, Johnston, Harnett y Lee.<\/p>","protected":false},"excerpt":{"rendered":"<p>Misdemeanor Attorney in Cary, NC In North Carolina, crimes are separated into felonies and misdemeanors, depending on the severity of the offense. Misdemeanors are offenses that carry with them a maximum punishment of 180 days or less in the county jail. Misdemeanor offenses are divided into 4 classifications: A1, 1, 2, and 3, with Class [&hellip;]<\/p>\n","protected":false},"author":1,"featured_media":1335,"parent":0,"menu_order":0,"comment_status":"closed","ping_status":"closed","template":"","meta":{"_acf_changed":false,"footnotes":""},"categories":[],"tags":[],"class_list":["post-1022","page","type-page","status-publish","has-post-thumbnail","hentry"],"acf":[],"yoast_head":"<!-- This site is optimized with the Yoast SEO plugin v27.5 - https:\/\/yoast.com\/product\/yoast-seo-wordpress\/ -->\n<title>Cary Misdemeanor Lawyer &amp; Law Firm<\/title>\n<meta name=\"description\" content=\"Facing misdemeanor criminal charges? A Cary Misdemeanor Lawyer at Granados Law Group protects your record. Call us now.\" \/>\n<meta name=\"robots\" content=\"index, follow, max-snippet:-1, max-image-preview:large, max-video-preview:-1\" \/>\n<link rel=\"canonical\" href=\"https:\/\/www.granadoslaw.com\/es\/cary-abogado-de-delitos-menores\/\" \/>\n<meta property=\"og:locale\" content=\"es_MX\" \/>\n<meta property=\"og:type\" content=\"article\" \/>\n<meta property=\"og:title\" content=\"Cary Misdemeanor Lawyer &amp; Law Firm\" \/>\n<meta property=\"og:description\" content=\"Facing misdemeanor criminal charges? A Cary Misdemeanor Lawyer at Granados Law Group protects your record. Call us now.\" \/>\n<meta property=\"og:url\" content=\"https:\/\/www.granadoslaw.com\/es\/cary-abogado-de-delitos-menores\/\" \/>\n<meta property=\"og:site_name\" content=\"Granados Law Group\" \/>\n<meta property=\"article:publisher\" content=\"https:\/\/www.facebook.com\/GranadosLaw\/\" \/>\n<meta property=\"article:modified_time\" content=\"2026-01-15T06:41:31+00:00\" \/>\n<meta property=\"og:image\" content=\"https:\/\/www.granadoslaw.com\/wp-content\/uploads\/2026\/01\/hire-a-cary-misdemeanor-lawyer.webp\" \/>\n\t<meta property=\"og:image:width\" content=\"1200\" \/>\n\t<meta property=\"og:image:height\" content=\"600\" \/>\n\t<meta property=\"og:image:type\" content=\"image\/webp\" \/>\n<meta name=\"twitter:card\" content=\"summary_large_image\" \/>\n<meta name=\"twitter:label1\" content=\"Tiempo de lectura\" \/>\n\t<meta name=\"twitter:data1\" content=\"2 minutos\" \/>\n<script type=\"application\/ld+json\" class=\"yoast-schema-graph\">{\"@context\":\"https:\\\/\\\/schema.org\",\"@graph\":[{\"@type\":\"WebPage\",\"@id\":\"https:\\\/\\\/www.granadoslaw.com\\\/cary-misdemeanor-lawyer\\\/\",\"url\":\"https:\\\/\\\/www.granadoslaw.com\\\/cary-misdemeanor-lawyer\\\/\",\"name\":\"Cary Misdemeanor Lawyer & Law Firm\",\"isPartOf\":{\"@id\":\"https:\\\/\\\/www.granadoslaw.com\\\/#website\"},\"primaryImageOfPage\":{\"@id\":\"https:\\\/\\\/www.granadoslaw.com\\\/cary-misdemeanor-lawyer\\\/#primaryimage\"},\"image\":{\"@id\":\"https:\\\/\\\/www.granadoslaw.com\\\/cary-misdemeanor-lawyer\\\/#primaryimage\"},\"thumbnailUrl\":\"https:\\\/\\\/www.granadoslaw.com\\\/wp-content\\\/uploads\\\/2026\\\/01\\\/hire-a-cary-misdemeanor-lawyer.webp\",\"datePublished\":\"2025-10-10T15:01:05+00:00\",\"dateModified\":\"2026-01-15T06:41:31+00:00\",\"description\":\"Facing misdemeanor criminal charges? A Cary Misdemeanor Lawyer at Granados Law Group protects your record. Call us now.\",\"breadcrumb\":{\"@id\":\"https:\\\/\\\/www.granadoslaw.com\\\/cary-misdemeanor-lawyer\\\/#breadcrumb\"},\"inLanguage\":\"es\",\"potentialAction\":[{\"@type\":\"ReadAction\",\"target\":[\"https:\\\/\\\/www.granadoslaw.com\\\/cary-misdemeanor-lawyer\\\/\"]}]},{\"@type\":\"ImageObject\",\"inLanguage\":\"es\",\"@id\":\"https:\\\/\\\/www.granadoslaw.com\\\/cary-misdemeanor-lawyer\\\/#primaryimage\",\"url\":\"https:\\\/\\\/www.granadoslaw.com\\\/wp-content\\\/uploads\\\/2026\\\/01\\\/hire-a-cary-misdemeanor-lawyer.webp\",\"contentUrl\":\"https:\\\/\\\/www.granadoslaw.com\\\/wp-content\\\/uploads\\\/2026\\\/01\\\/hire-a-cary-misdemeanor-lawyer.webp\",\"width\":1200,\"height\":600,\"caption\":\"Hire a Cary Misdemeanor Lawyer for effective defense\"},{\"@type\":\"BreadcrumbList\",\"@id\":\"https:\\\/\\\/www.granadoslaw.com\\\/cary-misdemeanor-lawyer\\\/#breadcrumb\",\"itemListElement\":[{\"@type\":\"ListItem\",\"position\":1,\"name\":\"Home\",\"item\":\"https:\\\/\\\/www.granadoslaw.com\\\/\"},{\"@type\":\"ListItem\",\"position\":2,\"name\":\"Cary Misdemeanor Lawyer\"}]},{\"@type\":\"WebSite\",\"@id\":\"https:\\\/\\\/www.granadoslaw.com\\\/#website\",\"url\":\"https:\\\/\\\/www.granadoslaw.com\\\/\",\"name\":\"Granados Law Group\",\"description\":\"\",\"publisher\":{\"@id\":\"https:\\\/\\\/www.granadoslaw.com\\\/#organization\"},\"potentialAction\":[{\"@type\":\"SearchAction\",\"target\":{\"@type\":\"EntryPoint\",\"urlTemplate\":\"https:\\\/\\\/www.granadoslaw.com\\\/?s={search_term_string}\"},\"query-input\":{\"@type\":\"PropertyValueSpecification\",\"valueRequired\":true,\"valueName\":\"search_term_string\"}}],\"inLanguage\":\"es\"},{\"@type\":\"Organization\",\"@id\":\"https:\\\/\\\/www.granadoslaw.com\\\/#organization\",\"name\":\"Granados Law Group\",\"alternateName\":\"Granados Law Group\",\"url\":\"https:\\\/\\\/www.granadoslaw.com\\\/\",\"logo\":{\"@type\":\"ImageObject\",\"inLanguage\":\"es\",\"@id\":\"https:\\\/\\\/www.granadoslaw.com\\\/#\\\/schema\\\/logo\\\/image\\\/\",\"url\":\"https:\\\/\\\/www.granadoslaw.com\\\/wp-content\\\/uploads\\\/2025\\\/10\\\/logo.png\",\"contentUrl\":\"https:\\\/\\\/www.granadoslaw.com\\\/wp-content\\\/uploads\\\/2025\\\/10\\\/logo.png\",\"width\":355,\"height\":75,\"caption\":\"Granados Law Group\"},\"image\":{\"@id\":\"https:\\\/\\\/www.granadoslaw.com\\\/#\\\/schema\\\/logo\\\/image\\\/\"},\"sameAs\":[\"https:\\\/\\\/www.facebook.com\\\/GranadosLaw\\\/\",\"https:\\\/\\\/www.yelp.com\\\/biz\\\/granados-law-group-cary\",\"https:\\\/\\\/web.carychamber.com\\\/Attorney\\\/Granados-Law-Group-5612\",\"https:\\\/\\\/www.mapquest.com\\\/us\\\/north-carolina\\\/granados-law-group-423010032\",\"https:\\\/\\\/www.martindale.com\\\/organization\\\/granados-law-group-pllc-157331811\\\/cary-north-carolina-158401019-f\\\/\",\"https:\\\/\\\/www.lawyers.com\\\/cary\\\/north-carolina\\\/granados-law-group-pllc-158401019-f\\\/\"]}]}<\/script>\n<!-- \/ Yoast SEO plugin. -->","yoast_head_json":{"title":"Cary Abogado de Delitos Menores y Bufete de Abogados","description":"\u00bfSe enfrenta a cargos penales por delitos menores? Un abogado de delitos menores Cary de Granados Law Group protege su expediente. Ll\u00e1menos ahora.","robots":{"index":"index","follow":"follow","max-snippet":"max-snippet:-1","max-image-preview":"max-image-preview:large","max-video-preview":"max-video-preview:-1"},"canonical":"https:\/\/www.granadoslaw.com\/es\/cary-abogado-de-delitos-menores\/","og_locale":"es_MX","og_type":"article","og_title":"Cary Misdemeanor Lawyer & Law Firm","og_description":"Facing misdemeanor criminal charges? A Cary Misdemeanor Lawyer at Granados Law Group protects your record. Call us now.","og_url":"https:\/\/www.granadoslaw.com\/es\/cary-abogado-de-delitos-menores\/","og_site_name":"Granados Law Group","article_publisher":"https:\/\/www.facebook.com\/GranadosLaw\/","article_modified_time":"2026-01-15T06:41:31+00:00","og_image":[{"width":1200,"height":600,"url":"https:\/\/www.granadoslaw.com\/wp-content\/uploads\/2026\/01\/hire-a-cary-misdemeanor-lawyer.webp","type":"image\/webp"}],"twitter_card":"summary_large_image","twitter_misc":{"Tiempo de lectura":"2 minutos"},"schema":{"@context":"https:\/\/schema.org","@graph":[{"@type":"WebPage","@id":"https:\/\/www.granadoslaw.com\/cary-misdemeanor-lawyer\/","url":"https:\/\/www.granadoslaw.com\/cary-misdemeanor-lawyer\/","name":"Cary Abogado de Delitos Menores y Bufete de Abogados","isPartOf":{"@id":"https:\/\/www.granadoslaw.com\/#website"},"primaryImageOfPage":{"@id":"https:\/\/www.granadoslaw.com\/cary-misdemeanor-lawyer\/#primaryimage"},"image":{"@id":"https:\/\/www.granadoslaw.com\/cary-misdemeanor-lawyer\/#primaryimage"},"thumbnailUrl":"https:\/\/www.granadoslaw.com\/wp-content\/uploads\/2026\/01\/hire-a-cary-misdemeanor-lawyer.webp","datePublished":"2025-10-10T15:01:05+00:00","dateModified":"2026-01-15T06:41:31+00:00","description":"\u00bfSe enfrenta a cargos penales por delitos menores? Un abogado de delitos menores Cary de Granados Law Group protege su expediente. Ll\u00e1menos ahora.","breadcrumb":{"@id":"https:\/\/www.granadoslaw.com\/cary-misdemeanor-lawyer\/#breadcrumb"},"inLanguage":"es","potentialAction":[{"@type":"ReadAction","target":["https:\/\/www.granadoslaw.com\/cary-misdemeanor-lawyer\/"]}]},{"@type":"ImageObject","inLanguage":"es","@id":"https:\/\/www.granadoslaw.com\/cary-misdemeanor-lawyer\/#primaryimage","url":"https:\/\/www.granadoslaw.com\/wp-content\/uploads\/2026\/01\/hire-a-cary-misdemeanor-lawyer.webp","contentUrl":"https:\/\/www.granadoslaw.com\/wp-content\/uploads\/2026\/01\/hire-a-cary-misdemeanor-lawyer.webp","width":1200,"height":600,"caption":"Hire a Cary Misdemeanor Lawyer for effective defense"},{"@type":"BreadcrumbList","@id":"https:\/\/www.granadoslaw.com\/cary-misdemeanor-lawyer\/#breadcrumb","itemListElement":[{"@type":"ListItem","position":1,"name":"Home","item":"https:\/\/www.granadoslaw.com\/"},{"@type":"ListItem","position":2,"name":"Cary Misdemeanor Lawyer"}]},{"@type":"WebSite","@id":"https:\/\/www.granadoslaw.com\/#website","url":"https:\/\/www.granadoslaw.com\/","name":"Granados Law Group","description":"","publisher":{"@id":"https:\/\/www.granadoslaw.com\/#organization"},"potentialAction":[{"@type":"SearchAction","target":{"@type":"EntryPoint","urlTemplate":"https:\/\/www.granadoslaw.com\/?s={search_term_string}"},"query-input":{"@type":"PropertyValueSpecification","valueRequired":true,"valueName":"search_term_string"}}],"inLanguage":"es"},{"@type":"Organization","@id":"https:\/\/www.granadoslaw.com\/#organization","name":"Granados Law Group","alternateName":"Granados Law Group","url":"https:\/\/www.granadoslaw.com\/","logo":{"@type":"ImageObject","inLanguage":"es","@id":"https:\/\/www.granadoslaw.com\/#\/schema\/logo\/image\/","url":"https:\/\/www.granadoslaw.com\/wp-content\/uploads\/2025\/10\/logo.png","contentUrl":"https:\/\/www.granadoslaw.com\/wp-content\/uploads\/2025\/10\/logo.png","width":355,"height":75,"caption":"Granados Law Group"},"image":{"@id":"https:\/\/www.granadoslaw.com\/#\/schema\/logo\/image\/"},"sameAs":["https:\/\/www.facebook.com\/GranadosLaw\/","https:\/\/www.yelp.com\/biz\/granados-law-group-cary","https:\/\/web.carychamber.com\/Attorney\/Granados-Law-Group-5612","https:\/\/www.mapquest.com\/us\/north-carolina\/granados-law-group-423010032","https:\/\/www.martindale.com\/organization\/granados-law-group-pllc-157331811\/cary-north-carolina-158401019-f\/","https:\/\/www.lawyers.com\/cary\/north-carolina\/granados-law-group-pllc-158401019-f\/"]}]}},"_links":{"self":[{"href":"https:\/\/www.granadoslaw.com\/es\/wp-json\/wp\/v2\/pages\/1022","targetHints":{"allow":["GET"]}}],"collection":[{"href":"https:\/\/www.granadoslaw.com\/es\/wp-json\/wp\/v2\/pages"}],"about":[{"href":"https:\/\/www.granadoslaw.com\/es\/wp-json\/wp\/v2\/types\/page"}],"author":[{"embeddable":true,"href":"https:\/\/www.granadoslaw.com\/es\/wp-json\/wp\/v2\/users\/1"}],"replies":[{"embeddable":true,"href":"https:\/\/www.granadoslaw.com\/es\/wp-json\/wp\/v2\/comments?post=1022"}],"version-history":[{"count":3,"href":"https:\/\/www.granadoslaw.com\/es\/wp-json\/wp\/v2\/pages\/1022\/revisions"}],"predecessor-version":[{"id":1136,"href":"https:\/\/www.granadoslaw.com\/es\/wp-json\/wp\/v2\/pages\/1022\/revisions\/1136"}],"wp:featuredmedia":[{"embeddable":true,"href":"https:\/\/www.granadoslaw.com\/es\/wp-json\/wp\/v2\/media\/1335"}],"wp:attachment":[{"href":"https:\/\/www.granadoslaw.com\/es\/wp-json\/wp\/v2\/media?parent=1022"}],"wp:term":[{"taxonomy":"category","embeddable":true,"href":"https:\/\/www.granadoslaw.com\/es\/wp-json\/wp\/v2\/categories?post=1022"},{"taxonomy":"post_tag","embeddable":true,"href":"https:\/\/www.granadoslaw.com\/es\/wp-json\/wp\/v2\/tags?post=1022"}],"curies":[{"name":"wp","href":"https:\/\/api.w.org\/{rel}","templated":true}]}}